{"id":1412,"date":"2021-06-14T09:22:28","date_gmt":"2021-06-14T07:22:28","guid":{"rendered":"https:\/\/lemanssonore.fr\/?page_id=1412"},"modified":"2023-07-10T15:59:31","modified_gmt":"2023-07-10T13:59:31","slug":"the-le-mans-sonore-association","status":"publish","type":"page","link":"https:\/\/lemanssonore.fr\/en\/the-sound-biennial\/the-le-mans-sonore-association\/","title":{"rendered":"The Le Mans Sonore Association"},"content":{"rendered":"\n<p>The Le Mans Sonore association was created to manage and develop the international sound biennial. It acts as a link between the actors of the event and manages relations with all its partners.<\/p>\n\n\n\n<p>The association also aims to promote the acoustic or sound actions and projects that take place in the Le Mans agglomeration throughout the year.<\/p>\n\n\n\n<p>It is chaired by Christian Morin, director of the ESAD-TALM.<\/p>\n\n\n\n<p>Its vice-president is Pascal Leroux, director of Le Mans University.<\/p>\n\n\n\n<p>The members of the association&#8217;s collegial management are Julie Lecomte, deputy director of the Sc\u00e8ne nationale Les Quinconces-L&#8217;Espal; Carole Le Rendu, director of the Institut technologique europ\u00e9en des m\u00e9tiers de la musique (Itemm); Julien Martineau, director of the Sc\u00e8ne de musiques actuelles Superforma; Pierrick Lotton, director of the Laboratoire d&#8217;acoustique de l&#8217;universit\u00e9 du Mans (LAUM).<\/p>\n","protected":false},"excerpt":{"rendered":"<p>The Le Mans Sonore association was created to manage and develop the international sound biennial. It acts as a link between the actors of the event and manages relations with all its partners. The association also aims to promote the acoustic or sound actions and projects that take place in the Le Mans agglomeration throughout&hellip; <a class=\"more-link\" href=\"https:\/\/lemanssonore.fr\/en\/the-sound-biennial\/the-le-mans-sonore-association\/\">Continue reading <span class=\"screen-reader-text\">The Le Mans Sonore Association<\/span><\/a><\/p>\n","protected":false},"author":6,"featured_media":1197,"parent":1410,"menu_order":45,"comment_status":"closed","ping_status":"closed","template":"","meta":{"_acf_changed":false,"footnotes":""},"class_list":["post-1412","page","type-page","status-publish","has-post-thumbnail","hentry","entry"],"acf":[],"yoast_head":"<!-- This site is optimized with the Yoast SEO plugin v26.5 - https:\/\/yoast.com\/wordpress\/plugins\/seo\/ -->\n<title>The Le Mans Sonore Association | Le Mans Sonore<\/title>\n<meta name=\"robots\" content=\"index, follow, max-snippet:-1, max-image-preview:large, max-video-preview:-1\" \/>\n<link rel=\"canonical\" href=\"https:\/\/lemanssonore.fr\/en\/the-sound-biennial\/the-le-mans-sonore-association\/\" \/>\n<meta property=\"og:locale\" content=\"en_US\" \/>\n<meta property=\"og:type\" content=\"article\" \/>\n<meta property=\"og:title\" content=\"The Le Mans Sonore Association | Le Mans Sonore\" \/>\n<meta property=\"og:description\" content=\"The Le Mans Sonore association was created to manage and develop the international sound biennial. It acts as a link between the actors of the event and manages relations with all its partners. The association also aims to promote the acoustic or sound actions and projects that take place in the Le Mans agglomeration throughout&hellip; Continue reading The Le Mans Sonore Association\" \/>\n<meta property=\"og:url\" content=\"https:\/\/lemanssonore.fr\/en\/the-sound-biennial\/the-le-mans-sonore-association\/\" \/>\n<meta property=\"og:site_name\" content=\"Le Mans Sonore\" \/>\n<meta property=\"article:publisher\" content=\"https:\/\/www.facebook.com\/lemanssonore\/\" \/>\n<meta property=\"article:modified_time\" content=\"2023-07-10T13:59:31+00:00\" \/>\n<meta property=\"og:image\" content=\"https:\/\/lemanssonore.fr\/wp-content\/uploads\/2021\/06\/Association-opti.jpg\" \/>\n\t<meta property=\"og:image:width\" content=\"1800\" \/>\n\t<meta property=\"og:image:height\" content=\"1198\" \/>\n\t<meta property=\"og:image:type\" content=\"image\/jpeg\" \/>\n<meta name=\"twitter:card\" content=\"summary_large_image\" \/>\n<meta name=\"twitter:site\" content=\"@lemanssonore\" \/>\n<meta name=\"twitter:label1\" content=\"Est. reading time\" \/>\n\t<meta name=\"twitter:data1\" content=\"1 minute\" \/>\n<script type=\"application\/ld+json\" class=\"yoast-schema-graph\">{\"@context\":\"https:\/\/schema.org\",\"@graph\":[{\"@type\":\"WebPage\",\"@id\":\"https:\/\/lemanssonore.fr\/en\/the-sound-biennial\/the-le-mans-sonore-association\/\",\"url\":\"https:\/\/lemanssonore.fr\/en\/the-sound-biennial\/the-le-mans-sonore-association\/\",\"name\":\"The Le Mans Sonore Association | Le Mans Sonore\",\"isPartOf\":{\"@id\":\"https:\/\/lemanssonore.fr\/en\/#website\"},\"primaryImageOfPage\":{\"@id\":\"https:\/\/lemanssonore.fr\/en\/the-sound-biennial\/the-le-mans-sonore-association\/#primaryimage\"},\"image\":{\"@id\":\"https:\/\/lemanssonore.fr\/en\/the-sound-biennial\/the-le-mans-sonore-association\/#primaryimage\"},\"thumbnailUrl\":\"https:\/\/lemanssonore.fr\/wp-content\/uploads\/2021\/06\/Association-opti.jpg\",\"datePublished\":\"2021-06-14T07:22:28+00:00\",\"dateModified\":\"2023-07-10T13:59:31+00:00\",\"breadcrumb\":{\"@id\":\"https:\/\/lemanssonore.fr\/en\/the-sound-biennial\/the-le-mans-sonore-association\/#breadcrumb\"},\"inLanguage\":\"en-US\",\"potentialAction\":[{\"@type\":\"ReadAction\",\"target\":[\"https:\/\/lemanssonore.fr\/en\/the-sound-biennial\/the-le-mans-sonore-association\/\"]}]},{\"@type\":\"ImageObject\",\"inLanguage\":\"en-US\",\"@id\":\"https:\/\/lemanssonore.fr\/en\/the-sound-biennial\/the-le-mans-sonore-association\/#primaryimage\",\"url\":\"https:\/\/lemanssonore.fr\/wp-content\/uploads\/2021\/06\/Association-opti.jpg\",\"contentUrl\":\"https:\/\/lemanssonore.fr\/wp-content\/uploads\/2021\/06\/Association-opti.jpg\",\"width\":1800,\"height\":1198},{\"@type\":\"BreadcrumbList\",\"@id\":\"https:\/\/lemanssonore.fr\/en\/the-sound-biennial\/the-le-mans-sonore-association\/#breadcrumb\",\"itemListElement\":[{\"@type\":\"ListItem\",\"position\":1,\"name\":\"Accueil\",\"item\":\"https:\/\/lemanssonore.fr\/en\/\"},{\"@type\":\"ListItem\",\"position\":2,\"name\":\"The Sound Biennial\",\"item\":\"https:\/\/lemanssonore.fr\/en\/the-sound-biennial\/\"},{\"@type\":\"ListItem\",\"position\":3,\"name\":\"The Le Mans Sonore Association\"}]},{\"@type\":\"WebSite\",\"@id\":\"https:\/\/lemanssonore.fr\/en\/#website\",\"url\":\"https:\/\/lemanssonore.fr\/en\/\",\"name\":\"Le Mans Sonore\",\"description\":\"Biennale du son et p\u00f4le d\u2019expertise\",\"publisher\":{\"@id\":\"https:\/\/lemanssonore.fr\/en\/#organization\"},\"potentialAction\":[{\"@type\":\"SearchAction\",\"target\":{\"@type\":\"EntryPoint\",\"urlTemplate\":\"https:\/\/lemanssonore.fr\/en\/?s={search_term_string}\"},\"query-input\":{\"@type\":\"PropertyValueSpecification\",\"valueRequired\":true,\"valueName\":\"search_term_string\"}}],\"inLanguage\":\"en-US\"},{\"@type\":\"Organization\",\"@id\":\"https:\/\/lemanssonore.fr\/en\/#organization\",\"name\":\"Le Mans Sonore\",\"url\":\"https:\/\/lemanssonore.fr\/en\/\",\"logo\":{\"@type\":\"ImageObject\",\"inLanguage\":\"en-US\",\"@id\":\"https:\/\/lemanssonore.fr\/en\/#\/schema\/logo\/image\/\",\"url\":\"https:\/\/lemanssonore.fr\/wp-content\/uploads\/2021\/06\/android-chrome-512x512-1.png\",\"contentUrl\":\"https:\/\/lemanssonore.fr\/wp-content\/uploads\/2021\/06\/android-chrome-512x512-1.png\",\"width\":512,\"height\":512,\"caption\":\"Le Mans Sonore\"},\"image\":{\"@id\":\"https:\/\/lemanssonore.fr\/en\/#\/schema\/logo\/image\/\"},\"sameAs\":[\"https:\/\/www.facebook.com\/lemanssonore\/\",\"https:\/\/x.com\/lemanssonore\"]}]}<\/script>\n<!-- \/ Yoast SEO plugin. -->","yoast_head_json":{"title":"The Le Mans Sonore Association | Le Mans Sonore","robots":{"index":"index","follow":"follow","max-snippet":"max-snippet:-1","max-image-preview":"max-image-preview:large","max-video-preview":"max-video-preview:-1"},"canonical":"https:\/\/lemanssonore.fr\/en\/the-sound-biennial\/the-le-mans-sonore-association\/","og_locale":"en_US","og_type":"article","og_title":"The Le Mans Sonore Association | Le Mans Sonore","og_description":"The Le Mans Sonore association was created to manage and develop the international sound biennial. It acts as a link between the actors of the event and manages relations with all its partners. The association also aims to promote the acoustic or sound actions and projects that take place in the Le Mans agglomeration throughout&hellip; Continue reading The Le Mans Sonore Association","og_url":"https:\/\/lemanssonore.fr\/en\/the-sound-biennial\/the-le-mans-sonore-association\/","og_site_name":"Le Mans Sonore","article_publisher":"https:\/\/www.facebook.com\/lemanssonore\/","article_modified_time":"2023-07-10T13:59:31+00:00","og_image":[{"width":1800,"height":1198,"url":"https:\/\/lemanssonore.fr\/wp-content\/uploads\/2021\/06\/Association-opti.jpg","type":"image\/jpeg"}],"twitter_card":"summary_large_image","twitter_site":"@lemanssonore","twitter_misc":{"Est. reading time":"1 minute"},"schema":{"@context":"https:\/\/schema.org","@graph":[{"@type":"WebPage","@id":"https:\/\/lemanssonore.fr\/en\/the-sound-biennial\/the-le-mans-sonore-association\/","url":"https:\/\/lemanssonore.fr\/en\/the-sound-biennial\/the-le-mans-sonore-association\/","name":"The Le Mans Sonore Association | Le Mans Sonore","isPartOf":{"@id":"https:\/\/lemanssonore.fr\/en\/#website"},"primaryImageOfPage":{"@id":"https:\/\/lemanssonore.fr\/en\/the-sound-biennial\/the-le-mans-sonore-association\/#primaryimage"},"image":{"@id":"https:\/\/lemanssonore.fr\/en\/the-sound-biennial\/the-le-mans-sonore-association\/#primaryimage"},"thumbnailUrl":"https:\/\/lemanssonore.fr\/wp-content\/uploads\/2021\/06\/Association-opti.jpg","datePublished":"2021-06-14T07:22:28+00:00","dateModified":"2023-07-10T13:59:31+00:00","breadcrumb":{"@id":"https:\/\/lemanssonore.fr\/en\/the-sound-biennial\/the-le-mans-sonore-association\/#breadcrumb"},"inLanguage":"en-US","potentialAction":[{"@type":"ReadAction","target":["https:\/\/lemanssonore.fr\/en\/the-sound-biennial\/the-le-mans-sonore-association\/"]}]},{"@type":"ImageObject","inLanguage":"en-US","@id":"https:\/\/lemanssonore.fr\/en\/the-sound-biennial\/the-le-mans-sonore-association\/#primaryimage","url":"https:\/\/lemanssonore.fr\/wp-content\/uploads\/2021\/06\/Association-opti.jpg","contentUrl":"https:\/\/lemanssonore.fr\/wp-content\/uploads\/2021\/06\/Association-opti.jpg","width":1800,"height":1198},{"@type":"BreadcrumbList","@id":"https:\/\/lemanssonore.fr\/en\/the-sound-biennial\/the-le-mans-sonore-association\/#breadcrumb","itemListElement":[{"@type":"ListItem","position":1,"name":"Accueil","item":"https:\/\/lemanssonore.fr\/en\/"},{"@type":"ListItem","position":2,"name":"The Sound Biennial","item":"https:\/\/lemanssonore.fr\/en\/the-sound-biennial\/"},{"@type":"ListItem","position":3,"name":"The Le Mans Sonore Association"}]},{"@type":"WebSite","@id":"https:\/\/lemanssonore.fr\/en\/#website","url":"https:\/\/lemanssonore.fr\/en\/","name":"Le Mans Sonore","description":"Biennale du son et p\u00f4le d\u2019expertise","publisher":{"@id":"https:\/\/lemanssonore.fr\/en\/#organization"},"potentialAction":[{"@type":"SearchAction","target":{"@type":"EntryPoint","urlTemplate":"https:\/\/lemanssonore.fr\/en\/?s={search_term_string}"},"query-input":{"@type":"PropertyValueSpecification","valueRequired":true,"valueName":"search_term_string"}}],"inLanguage":"en-US"},{"@type":"Organization","@id":"https:\/\/lemanssonore.fr\/en\/#organization","name":"Le Mans Sonore","url":"https:\/\/lemanssonore.fr\/en\/","logo":{"@type":"ImageObject","inLanguage":"en-US","@id":"https:\/\/lemanssonore.fr\/en\/#\/schema\/logo\/image\/","url":"https:\/\/lemanssonore.fr\/wp-content\/uploads\/2021\/06\/android-chrome-512x512-1.png","contentUrl":"https:\/\/lemanssonore.fr\/wp-content\/uploads\/2021\/06\/android-chrome-512x512-1.png","width":512,"height":512,"caption":"Le Mans Sonore"},"image":{"@id":"https:\/\/lemanssonore.fr\/en\/#\/schema\/logo\/image\/"},"sameAs":["https:\/\/www.facebook.com\/lemanssonore\/","https:\/\/x.com\/lemanssonore"]}]}},"_links":{"self":[{"href":"https:\/\/lemanssonore.fr\/en\/wp-json\/wp\/v2\/pages\/1412","targetHints":{"allow":["GET"]}}],"collection":[{"href":"https:\/\/lemanssonore.fr\/en\/wp-json\/wp\/v2\/pages"}],"about":[{"href":"https:\/\/lemanssonore.fr\/en\/wp-json\/wp\/v2\/types\/page"}],"author":[{"embeddable":true,"href":"https:\/\/lemanssonore.fr\/en\/wp-json\/wp\/v2\/users\/6"}],"replies":[{"embeddable":true,"href":"https:\/\/lemanssonore.fr\/en\/wp-json\/wp\/v2\/comments?post=1412"}],"version-history":[{"count":1,"href":"https:\/\/lemanssonore.fr\/en\/wp-json\/wp\/v2\/pages\/1412\/revisions"}],"predecessor-version":[{"id":1413,"href":"https:\/\/lemanssonore.fr\/en\/wp-json\/wp\/v2\/pages\/1412\/revisions\/1413"}],"up":[{"embeddable":true,"href":"https:\/\/lemanssonore.fr\/en\/wp-json\/wp\/v2\/pages\/1410"}],"wp:featuredmedia":[{"embeddable":true,"href":"https:\/\/lemanssonore.fr\/en\/wp-json\/wp\/v2\/media\/1197"}],"wp:attachment":[{"href":"https:\/\/lemanssonore.fr\/en\/wp-json\/wp\/v2\/media?parent=1412"}],"curies":[{"name":"wp","href":"https:\/\/api.w.org\/{rel}","templated":true}]}}